{"id":1025,"date":"2025-07-03T08:33:11","date_gmt":"2025-07-03T08:33:11","guid":{"rendered":"https:\/\/regada.pt\/inicio\/"},"modified":"2025-12-16T14:57:38","modified_gmt":"2025-12-16T14:57:38","slug":"inicio","status":"publish","type":"page","link":"https:\/\/regada.pt\/pt-pt\/","title":{"rendered":"In\u00edcio"},"content":{"rendered":"\n\t<section class=\"section dark hide-for-small\" id=\"section_1152974576\">\n\t\t<div class=\"section-bg fill\" >\n\t\t\t<img loading=\"lazy\" decoding=\"async\" width=\"1920\" height=\"1280\" src=\"https:\/\/regada.pt\/wp-content\/uploads\/2025\/08\/Landing-Capa.webp\" class=\"bg attachment-original size-original\" alt=\"\" \/>\t\t\t\t\t\t<div class=\"section-bg-overlay absolute fill\"><\/div>\n\t\t\t\n\n\t\t<\/div>\n\n\t\t\n\n\t\t<div class=\"section-content relative\">\n\t\t\t\n<div class=\"row row-large align-middle align-right\"  id=\"row-1244161570\">\n\n\t<div id=\"col-560814464\" class=\"col medium-5 small-12 large-5\"  >\n\t\t\t\t<div class=\"col-inner text-left\"  >\n\t\t\t\n\t\t\t\n\t<div id=\"text-3830215370\" class=\"text\">\n\t\t\n<h1 class=\"uppercase\">UM RETIRO TRANQUILO<br \/>NA SERRA DA ESTRELA<\/h1>\n\t\t\n<style>\n#text-3830215370 {\n  text-align: center;\n}\n<\/style>\n\t<\/div>\n\t\n\t<div id=\"gap-284829155\" class=\"gap-element clearfix\" style=\"display:block; height:auto;\">\n\t\t\n<style>\n#gap-284829155 {\n  padding-top: 30px;\n}\n<\/style>\n\t<\/div>\n\t\n\n        <form id=\"regada-booking-form\" action=\"\/pt-pt\/reservar\/\" method=\"GET\">\n            <div class=\"date-range-wrapper\">\n                <input type=\"text\" id=\"date-range-picker\" name=\"daterange\" placeholder=\"Check In - Check Out\" readonly required>\n            <\/div>\n            <button type=\"submit\" class=\"button-book\">BOOK<\/button>\n        <\/form>\n\t\t<\/div>\n\t\t\t\t\t<\/div>\n\n\t\n\n<style>\n#row-1244161570 > .col > .col-inner {\n  padding: 0px 0px 0px 0px;\n}\n<\/style>\n<\/div>\n\t\t<\/div>\n\n\t\t\n<style>\n#section_1152974576 {\n  padding-top: 60px;\n  padding-bottom: 60px;\n  min-height: 650px;\n}\n#section_1152974576 .section-bg-overlay {\n  background-color: rgba(0, 0, 0, 0.215);\n}\n#section_1152974576 .section-bg img {\n  object-position: bottom;\n}\n<\/style>\n\t<\/section>\n\t\n\n\t<section class=\"section dark show-for-small\" id=\"section_1735607567\">\n\t\t<div class=\"section-bg fill\" >\n\t\t\t<img loading=\"lazy\" decoding=\"async\" width=\"1080\" height=\"1920\" src=\"https:\/\/regada.pt\/wp-content\/uploads\/2025\/08\/mobile-banner.webp\" class=\"bg attachment-original size-original\" alt=\"\" \/>\t\t\t\t\t\t<div class=\"section-bg-overlay absolute fill\"><\/div>\n\t\t\t\n\n\t\t<\/div>\n\n\t\t\n\n\t\t<div class=\"section-content relative\">\n\t\t\t\n<div class=\"row row-large align-middle align-right\"  id=\"row-858615024\">\n\n\t<div id=\"col-2068747658\" class=\"col medium-5 small-12 large-5\"  >\n\t\t\t\t<div class=\"col-inner text-left\"  >\n\t\t\t\n\t\t\t\n\t<div id=\"text-611757025\" class=\"text\">\n\t\t\n<h1 class=\"uppercase\">UM RETIRO TRANQUILO<br \/>NA SERRA DA ESTRELA<\/h1>\n\t\t\n<style>\n#text-611757025 {\n  text-align: center;\n}\n<\/style>\n\t<\/div>\n\t\n[inspect_search_form post_id=&#8221;420&#8243;]\n\t\t<\/div>\n\t\t\t\t\t<\/div>\n\n\t\n\n<style>\n#row-858615024 > .col > .col-inner {\n  padding: 0px 0px 0px 0px;\n}\n<\/style>\n<\/div>\n\t\t<\/div>\n\n\t\t\n<style>\n#section_1735607567 {\n  padding-top: 60px;\n  padding-bottom: 60px;\n  min-height: 650px;\n}\n#section_1735607567 .section-bg-overlay {\n  background-color: rgba(0, 0, 0, 0.215);\n}\n#section_1735607567 .section-bg img {\n  object-position: bottom;\n}\n<\/style>\n\t<\/section>\n\t\n\n\t<section class=\"section\" id=\"section_18888126\">\n\t\t<div class=\"section-bg fill\" >\n\t\t\t\t\t\t\t\t\t\n\t\t\t\n\n\t\t<\/div>\n\n\t\t\n\n\t\t<div class=\"section-content relative\">\n\t\t\t\n<div class=\"row align-middle align-center\"  id=\"row-130616564\">\n\n\t<div id=\"col-473130647\" class=\"col medium-8 small-12 large-8\"  >\n\t\t\t\t<div class=\"col-inner text-center\"  >\n\t\t\t\n\t\t\t\n\t<div id=\"gap-1706297993\" class=\"gap-element clearfix\" style=\"display:block; height:auto;\">\n\t\t\n<style>\n#gap-1706297993 {\n  padding-top: 55px;\n}\n<\/style>\n\t<\/div>\n\t\n<h2 class=\"uppercase\">Quinta da Regada<\/h2>\n<p>A Quinta da Regada \u00e9 um projeto familiar enraizado no amor pelo tempo de qualidade e na alegria das coisas simples da vida. A nossa casa de campo situa-se numa propriedade tranquila \u00e0 beira da Serra da Estrela, rodeada por pinheiros, olivais e c\u00e9u aberto. \u00c9 o local perfeito para abrandar, respirar ar puro e conectar-se com a natureza. Explore os arredores, ou\u00e7a os p\u00e1ssaros e sinta a calma do campo \u00e0 sua volta.   <\/p>\n\t\t<\/div>\n\t\t\t\t\t<\/div>\n\n\t\n<\/div>\n\n\t\t<\/div>\n\n\t\t\n<style>\n#section_18888126 {\n  padding-top: 30px;\n  padding-bottom: 30px;\n}\n<\/style>\n\t<\/section>\n\t\n\n\t<section class=\"section\" id=\"section_1763380116\">\n\t\t<div class=\"section-bg fill\" >\n\t\t\t\t\t\t\t\t\t\n\t\t\t\n\n\t\t<\/div>\n\n\t\t\n\n\t\t<div class=\"section-content relative\">\n\t\t\t\n<div class=\"row row-collapse row-full-width align-middle\"  id=\"row-1513299371\">\n\n\t<div id=\"col-1804402477\" class=\"col medium-6 small-12 large-6\"  >\n\t\t\t\t<div class=\"col-inner\"  >\n\t\t\t\n\t\t\t\n\t<div class=\"img has-hover x md-x lg-x y md-y lg-y\" id=\"image_1077833370\">\n\t\t\t\t\t\t\t\t<div class=\"img-inner image-cover dark\" style=\"padding-top:75%;\">\n\t\t\t<img loading=\"lazy\" decoding=\"async\" width=\"1707\" height=\"2560\" src=\"https:\/\/regada.pt\/wp-content\/uploads\/2025\/08\/08-scaled-1.webp\" class=\"attachment-original size-original\" alt=\"\" srcset=\"https:\/\/regada.pt\/wp-content\/uploads\/2025\/08\/08-scaled-1.webp 1707w, https:\/\/regada.pt\/wp-content\/uploads\/2025\/08\/08-scaled-1-200x300.webp 200w, https:\/\/regada.pt\/wp-content\/uploads\/2025\/08\/08-scaled-1-683x1024.webp 683w, https:\/\/regada.pt\/wp-content\/uploads\/2025\/08\/08-scaled-1-768x1152.webp 768w, https:\/\/regada.pt\/wp-content\/uploads\/2025\/08\/08-scaled-1-1024x1536.webp 1024w, https:\/\/regada.pt\/wp-content\/uploads\/2025\/08\/08-scaled-1-1366x2048.webp 1366w, https:\/\/regada.pt\/wp-content\/uploads\/2025\/08\/08-scaled-1-600x900.webp 600w\" sizes=\"auto, (max-width: 1707px) 100vw, 1707px\" \/>\t\t\t\t\t\t\n\t\t\t\t\t<\/div>\n\t\t\t\t\t\t\t\t\n<style>\n#image_1077833370 {\n  width: 100%;\n}\n<\/style>\n\t<\/div>\n\t\n\t\t<\/div>\n\t\t\t\t\t<\/div>\n\n\t\n\n\t<div id=\"col-2090971644\" class=\"col medium-6 small-12 large-6\"  >\n\t\t\t\t<div class=\"col-inner text-center\"  >\n\t\t\t\n\t\t\t\n<h2>Casa da Regada<\/h2>\n<p>A Casa da Regada \u00e9 um local tranquilo e confort\u00e1vel para as fam\u00edlias desacelerarem e passarem tempo juntas. A casa acomoda at\u00e9 9 h\u00f3spedes e tem tudo o que precisa para uma estadia tranquila, uma cozinha bem equipada, uma lareira, quartos acolhedores e espa\u00e7o para relaxar, tanto no interior como no exterior. Constru\u00edda com granito local e decorada com arte local \u00fanica, \u00e9 uma casa acolhedora rodeada pela natureza, perfeita para desfrutar da calma do campo.  <\/p>\n<a href=\"https:\/\/regada.pt\/pt-pt\/alojamento\/\" class=\"button primary\"  >\n\t\t<span>Ver detalhes<\/span>\n\t<\/a>\n\n\t\t<\/div>\n\t\t\t\t\n<style>\n#col-2090971644 > .col-inner {\n  padding: 10% 10% 10% 10%;\n  max-width: 520px;\n}\n@media (min-width:550px) {\n  #col-2090971644 > .col-inner {\n    padding: 10% 0% 10% 10%;\n  }\n}\n<\/style>\n\t<\/div>\n\n\t\n<\/div>\n\t\t<\/div>\n\n\t\t\n<style>\n#section_1763380116 {\n  padding-top: 0px;\n  padding-bottom: 0px;\n  background-color: #f6f6f6;\n}\n<\/style>\n\t<\/section>\n\t\n\n\t<section class=\"section\" id=\"section_368299478\">\n\t\t<div class=\"section-bg fill\" >\n\t\t\t\t\t\t\t\t\t\n\t\t\t\n\n\t\t<\/div>\n\n\t\t\n\n\t\t<div class=\"section-content relative\">\n\t\t\t\n<div class=\"row row-collapse row-full-width align-middle\"  id=\"row-416866498\">\n\n\t<div id=\"col-708877985\" class=\"col medium-6 small-12 large-6\"  >\n\t\t\t\t<div class=\"col-inner text-center\"  >\n\t\t\t\n\t\t\t\n\t<div id=\"text-3388636572\" class=\"text\">\n\t\t\n<h2>Experi\u00eancias rurais aut\u00eanticas<br \/><\/h2>\n<p>Das colheitas sazonais \u00e0 confe\u00e7\u00e3o de alimentos tradicionais, os nossos workshops oferecem formas pr\u00e1ticas de se conectar com a terra e as tradi\u00e7\u00f5es locais. Cada atividade reflete os ciclos naturais que moldam tanto o que comemos como a forma como cuidamos da biodiversidade \u00e0 nossa volta. <\/p>\n\t\t\n<style>\n#text-3388636572 {\n  text-align: center;\n}\n<\/style>\n\t<\/div>\n\t\n<a href=\"https:\/\/regada.pt\/pt-pt\/experiencias\/\" class=\"button primary\"  >\n\t\t<span>Ver detalhes<\/span>\n\t<\/a>\n\n\t\t<\/div>\n\t\t\t\t\n<style>\n#col-708877985 > .col-inner {\n  padding: 10% 10% 10% 10%;\n  max-width: 520px;\n}\n@media (min-width:550px) {\n  #col-708877985 > .col-inner {\n    padding: 10% 10% 10% 0%;\n  }\n}\n<\/style>\n\t<\/div>\n\n\t\n\n\t<div id=\"col-1426628838\" class=\"col medium-6 small-12 large-6 small-col-first\"  >\n\t\t\t\t<div class=\"col-inner\"  >\n\t\t\t\n\t\t\t\n\t<div class=\"img has-hover x md-x lg-x y md-y lg-y\" id=\"image_1655790085\">\n\t\t\t\t\t\t\t\t<div class=\"img-inner image-cover dark\" style=\"padding-top:75%;\">\n\t\t\t<img loading=\"lazy\" decoding=\"async\" width=\"1920\" height=\"1080\" src=\"https:\/\/regada.pt\/wp-content\/uploads\/2025\/09\/Blog-Dual-Up-1920-x-1080-px-8.jpg\" class=\"attachment-original size-original\" alt=\"Quinta da Regada - Experiences\" srcset=\"https:\/\/regada.pt\/wp-content\/uploads\/2025\/09\/Blog-Dual-Up-1920-x-1080-px-8.jpg 1920w, https:\/\/regada.pt\/wp-content\/uploads\/2025\/09\/Blog-Dual-Up-1920-x-1080-px-8-300x169.jpg 300w, https:\/\/regada.pt\/wp-content\/uploads\/2025\/09\/Blog-Dual-Up-1920-x-1080-px-8-1024x576.jpg 1024w, https:\/\/regada.pt\/wp-content\/uploads\/2025\/09\/Blog-Dual-Up-1920-x-1080-px-8-768x432.jpg 768w, https:\/\/regada.pt\/wp-content\/uploads\/2025\/09\/Blog-Dual-Up-1920-x-1080-px-8-1536x864.jpg 1536w, https:\/\/regada.pt\/wp-content\/uploads\/2025\/09\/Blog-Dual-Up-1920-x-1080-px-8-600x338.jpg 600w\" sizes=\"auto, (max-width: 1920px) 100vw, 1920px\" \/>\t\t\t\t\t\t\n\t\t\t\t\t<\/div>\n\t\t\t\t\t\t\t\t\n<style>\n#image_1655790085 {\n  width: 100%;\n}\n<\/style>\n\t<\/div>\n\t\n\t\t<\/div>\n\t\t\t\t\t<\/div>\n\n\t\n<\/div>\n\t\t<\/div>\n\n\t\t\n<style>\n#section_368299478 {\n  padding-top: 0px;\n  padding-bottom: 0px;\n}\n<\/style>\n\t<\/section>\n\t\n\n\t<section class=\"section\" id=\"section_199076383\">\n\t\t<div class=\"section-bg fill\" >\n\t\t\t\t\t\t\t\t\t\n\t\t\t\n\n\t\t<\/div>\n\n\t\t\n\n\t\t<div class=\"section-content relative\">\n\t\t\t\n<div class=\"row row-collapse row-full-width align-middle\"  id=\"row-2114199140\">\n\n\t<div id=\"col-1192336699\" class=\"col medium-6 small-12 large-6\"  >\n\t\t\t\t<div class=\"col-inner\"  >\n\t\t\t\n\t\t\t\n\t<div class=\"img has-hover x md-x lg-x y md-y lg-y\" id=\"image_935988335\">\n\t\t\t\t\t\t\t\t<div class=\"img-inner image-cover dark\" style=\"padding-top:75%;\">\n\t\t\t<img loading=\"lazy\" decoding=\"async\" width=\"1920\" height=\"1280\" src=\"https:\/\/regada.pt\/wp-content\/uploads\/2025\/08\/Landing-Destaques-Sustainability.webp\" class=\"attachment-original size-original\" alt=\"\" srcset=\"https:\/\/regada.pt\/wp-content\/uploads\/2025\/08\/Landing-Destaques-Sustainability.webp 1920w, https:\/\/regada.pt\/wp-content\/uploads\/2025\/08\/Landing-Destaques-Sustainability-300x200.webp 300w, https:\/\/regada.pt\/wp-content\/uploads\/2025\/08\/Landing-Destaques-Sustainability-1024x683.webp 1024w, https:\/\/regada.pt\/wp-content\/uploads\/2025\/08\/Landing-Destaques-Sustainability-768x512.webp 768w, https:\/\/regada.pt\/wp-content\/uploads\/2025\/08\/Landing-Destaques-Sustainability-1536x1024.webp 1536w, https:\/\/regada.pt\/wp-content\/uploads\/2025\/08\/Landing-Destaques-Sustainability-600x400.webp 600w\" sizes=\"auto, (max-width: 1920px) 100vw, 1920px\" \/>\t\t\t\t\t\t\n\t\t\t\t\t<\/div>\n\t\t\t\t\t\t\t\t\n<style>\n#image_935988335 {\n  width: 100%;\n}\n<\/style>\n\t<\/div>\n\t\n\t\t<\/div>\n\t\t\t\t\t<\/div>\n\n\t\n\n\t<div id=\"col-1121371036\" class=\"col medium-6 small-12 large-6\"  >\n\t\t\t\t<div class=\"col-inner text-center\"  >\n\t\t\t\n\t\t\t\n<h2>Sustentabilidade: cuidar da nossa terra<br \/><\/h2>\n<p>Estamos a trabalhar para proteger a biodiversidade na nossa propriedade, recolhendo informa\u00e7\u00f5es para orientar a restaura\u00e7\u00e3o do habitat. Descubra como estamos a recolher dados da paisagem como primeiro passo para ajud\u00e1-la a prosperar. <\/p>\n<a href=\"https:\/\/regada.pt\/pt-pt\/sustentabilidade\/\" class=\"button primary\"  >\n\t\t<span>Ver detalhes<\/span>\n\t<\/a>\n\n\t\t<\/div>\n\t\t\t\t\n<style>\n#col-1121371036 > .col-inner {\n  padding: 10% 10% 10% 10%;\n  max-width: 520px;\n}\n@media (min-width:550px) {\n  #col-1121371036 > .col-inner {\n    padding: 10% 0% 10% 10%;\n  }\n}\n<\/style>\n\t<\/div>\n\n\t\n<\/div>\n\t\t<\/div>\n\n\t\t\n<style>\n#section_199076383 {\n  padding-top: 0px;\n  padding-bottom: 0px;\n  background-color: #f6f6f6;\n}\n<\/style>\n\t<\/section>\n\t\n\n\t<section class=\"section\" id=\"section_1447247338\">\n\t\t<div class=\"section-bg fill\" >\n\t\t\t\t\t\t\t\t\t\n\t\t\t\n\n\t\t<\/div>\n\n\t\t\n\n\t\t<div class=\"section-content relative\">\n\t\t\t\n<div class=\"row align-center\"  id=\"row-1983047542\">\n\n\t<div id=\"col-258873428\" class=\"col medium-10 small-12 large-10\"  >\n\t\t\t\t<div class=\"col-inner text-center\"  >\n\t\t\t\n\t\t\t\n\t<div id=\"gap-749226290\" class=\"gap-element clearfix\" style=\"display:block; height:auto;\">\n\t\t\n<style>\n#gap-749226290 {\n  padding-top: 55px;\n}\n<\/style>\n\t<\/div>\n\t\n<h2 class=\"uppercase\">A SUA CASA NA SERRA DA ESTRELA<\/h2>\n<p>Uma estadia tranquila e confort\u00e1vel com tudo o que precisa para descansar, explorar e desfrutar do campo.<\/p>\n<a href=\"https:\/\/regada.pt\/pt-pt\/reservar\/\" class=\"button primary\"  >\n\t\t<span>Reserve j\u00e1!<\/span>\n\t<\/a>\n\n\t<div id=\"gap-1036948727\" class=\"gap-element clearfix\" style=\"display:block; height:auto;\">\n\t\t\n<style>\n#gap-1036948727 {\n  padding-top: 30px;\n}\n<\/style>\n\t<\/div>\n\t\n\t\t<\/div>\n\t\t\t\t\t<\/div>\n\n\t\n<\/div>\n\n\t\t<\/div>\n\n\t\t\n<style>\n#section_1447247338 {\n  padding-top: 30px;\n  padding-bottom: 30px;\n}\n<\/style>\n\t<\/section>\n\t\n\n\n\n\n\n\n\n\n\n\n\n\n  \n    <div class=\"row hidden large-columns-7 medium-columns-3 small-columns-2 row-collapse row-full-width\" >\n  <div class=\"gallery-col col\" data-animate=\"fadeInUp\">\n          <div class=\"col-inner\">\n            <a class=\"image-lightbox lightbox-gallery\" href=\"https:\/\/regada.pt\/wp-content\/uploads\/2025\/07\/d1f606bc-acb9-4a13-99ec-4839ce95c110.webp\" title=\"\">            <div class=\"box has-hover gallery-box box-none\">\n              <div class=\"box-image image-cover\" style=\"padding-top:100%;\">\n                <img loading=\"lazy\" decoding=\"async\" width=\"300\" height=\"200\" src=\"https:\/\/regada.pt\/wp-content\/uploads\/2025\/07\/d1f606bc-acb9-4a13-99ec-4839ce95c110-300x200.webp\" class=\"attachment-medium size-medium\" alt=\"\" ids=\"1044,1034,1026,1039,1042,1045,1032\" style=\"none\" lightbox_image_size=\"original\" col_spacing=\"collapse\" columns=\"7\" animate=\"fadeInUp\" image_height=\"100%\" visibility=\"hidden\" srcset=\"https:\/\/regada.pt\/wp-content\/uploads\/2025\/07\/d1f606bc-acb9-4a13-99ec-4839ce95c110-300x200.webp 300w, https:\/\/regada.pt\/wp-content\/uploads\/2025\/07\/d1f606bc-acb9-4a13-99ec-4839ce95c110-600x400.webp 600w, https:\/\/regada.pt\/wp-content\/uploads\/2025\/07\/d1f606bc-acb9-4a13-99ec-4839ce95c110-768x512.webp 768w, https:\/\/regada.pt\/wp-content\/uploads\/2025\/07\/d1f606bc-acb9-4a13-99ec-4839ce95c110-1024x683.webp 1024w, https:\/\/regada.pt\/wp-content\/uploads\/2025\/07\/d1f606bc-acb9-4a13-99ec-4839ce95c110.webp 1200w\" sizes=\"auto, (max-width: 300px) 100vw, 300px\" \/>                                                              <\/div>\n              <div class=\"box-text text-left\" >\n                 <p><\/p>\n              <\/div>\n            <\/div>\n            <\/a>          <\/div>\n         <\/div><div class=\"gallery-col col\" data-animate=\"fadeInUp\">\n          <div class=\"col-inner\">\n            <a class=\"image-lightbox lightbox-gallery\" href=\"https:\/\/regada.pt\/wp-content\/uploads\/2025\/07\/d34e47b6-057a-4303-a893-6527357baf51.webp\" title=\"\">            <div class=\"box has-hover gallery-box box-none\">\n              <div class=\"box-image image-cover\" style=\"padding-top:100%;\">\n                <img loading=\"lazy\" decoding=\"async\" width=\"300\" height=\"200\" src=\"https:\/\/regada.pt\/wp-content\/uploads\/2025\/07\/d34e47b6-057a-4303-a893-6527357baf51-300x200.webp\" class=\"attachment-medium size-medium\" alt=\"\" ids=\"1044,1034,1026,1039,1042,1045,1032\" style=\"none\" lightbox_image_size=\"original\" col_spacing=\"collapse\" columns=\"7\" animate=\"fadeInUp\" image_height=\"100%\" visibility=\"hidden\" srcset=\"https:\/\/regada.pt\/wp-content\/uploads\/2025\/07\/d34e47b6-057a-4303-a893-6527357baf51-300x200.webp 300w, https:\/\/regada.pt\/wp-content\/uploads\/2025\/07\/d34e47b6-057a-4303-a893-6527357baf51-600x400.webp 600w, https:\/\/regada.pt\/wp-content\/uploads\/2025\/07\/d34e47b6-057a-4303-a893-6527357baf51-768x512.webp 768w, https:\/\/regada.pt\/wp-content\/uploads\/2025\/07\/d34e47b6-057a-4303-a893-6527357baf51-1024x683.webp 1024w, https:\/\/regada.pt\/wp-content\/uploads\/2025\/07\/d34e47b6-057a-4303-a893-6527357baf51.webp 1200w\" sizes=\"auto, (max-width: 300px) 100vw, 300px\" \/>                                                              <\/div>\n              <div class=\"box-text text-left\" >\n                 <p><\/p>\n              <\/div>\n            <\/div>\n            <\/a>          <\/div>\n         <\/div><div class=\"gallery-col col\" data-animate=\"fadeInUp\">\n          <div class=\"col-inner\">\n            <a class=\"image-lightbox lightbox-gallery\" href=\"https:\/\/regada.pt\/wp-content\/uploads\/2025\/07\/31563fdc-2eb0-4680-8f99-3e973f4dc907.jpeg\" title=\"\">            <div class=\"box has-hover gallery-box box-none\">\n              <div class=\"box-image image-cover\" style=\"padding-top:100%;\">\n                <img loading=\"lazy\" decoding=\"async\" width=\"300\" height=\"225\" src=\"https:\/\/regada.pt\/wp-content\/uploads\/2025\/07\/31563fdc-2eb0-4680-8f99-3e973f4dc907-300x225.jpeg\" class=\"attachment-medium size-medium\" alt=\"\" ids=\"1044,1034,1026,1039,1042,1045,1032\" style=\"none\" lightbox_image_size=\"original\" col_spacing=\"collapse\" columns=\"7\" animate=\"fadeInUp\" image_height=\"100%\" visibility=\"hidden\" srcset=\"https:\/\/regada.pt\/wp-content\/uploads\/2025\/07\/31563fdc-2eb0-4680-8f99-3e973f4dc907-300x225.jpeg 300w, https:\/\/regada.pt\/wp-content\/uploads\/2025\/07\/31563fdc-2eb0-4680-8f99-3e973f4dc907-600x450.jpeg 600w, https:\/\/regada.pt\/wp-content\/uploads\/2025\/07\/31563fdc-2eb0-4680-8f99-3e973f4dc907-768x576.jpeg 768w, https:\/\/regada.pt\/wp-content\/uploads\/2025\/07\/31563fdc-2eb0-4680-8f99-3e973f4dc907-1024x768.jpeg 1024w, https:\/\/regada.pt\/wp-content\/uploads\/2025\/07\/31563fdc-2eb0-4680-8f99-3e973f4dc907.jpeg 1440w\" sizes=\"auto, (max-width: 300px) 100vw, 300px\" \/>                                                              <\/div>\n              <div class=\"box-text text-left\" >\n                 <p><\/p>\n              <\/div>\n            <\/div>\n            <\/a>          <\/div>\n         <\/div><div class=\"gallery-col col\" data-animate=\"fadeInUp\">\n          <div class=\"col-inner\">\n            <a class=\"image-lightbox lightbox-gallery\" href=\"https:\/\/regada.pt\/wp-content\/uploads\/2025\/07\/cdc6e9ab-eeb1-470f-9bc2-072de85f98c8-1.webp\" title=\"\">            <div class=\"box has-hover gallery-box box-none\">\n              <div class=\"box-image image-cover\" style=\"padding-top:100%;\">\n                <img loading=\"lazy\" decoding=\"async\" width=\"300\" height=\"200\" src=\"https:\/\/regada.pt\/wp-content\/uploads\/2025\/07\/cdc6e9ab-eeb1-470f-9bc2-072de85f98c8-1-300x200.webp\" class=\"attachment-medium size-medium\" alt=\"\" ids=\"1044,1034,1026,1039,1042,1045,1032\" style=\"none\" lightbox_image_size=\"original\" col_spacing=\"collapse\" columns=\"7\" animate=\"fadeInUp\" image_height=\"100%\" visibility=\"hidden\" srcset=\"https:\/\/regada.pt\/wp-content\/uploads\/2025\/07\/cdc6e9ab-eeb1-470f-9bc2-072de85f98c8-1-300x200.webp 300w, https:\/\/regada.pt\/wp-content\/uploads\/2025\/07\/cdc6e9ab-eeb1-470f-9bc2-072de85f98c8-1-600x399.webp 600w, https:\/\/regada.pt\/wp-content\/uploads\/2025\/07\/cdc6e9ab-eeb1-470f-9bc2-072de85f98c8-1-768x511.webp 768w, https:\/\/regada.pt\/wp-content\/uploads\/2025\/07\/cdc6e9ab-eeb1-470f-9bc2-072de85f98c8-1-1024x681.webp 1024w, https:\/\/regada.pt\/wp-content\/uploads\/2025\/07\/cdc6e9ab-eeb1-470f-9bc2-072de85f98c8-1.webp 1200w\" sizes=\"auto, (max-width: 300px) 100vw, 300px\" \/>                                                              <\/div>\n              <div class=\"box-text text-left\" >\n                 <p><\/p>\n              <\/div>\n            <\/div>\n            <\/a>          <\/div>\n         <\/div><div class=\"gallery-col col\" data-animate=\"fadeInUp\">\n          <div class=\"col-inner\">\n            <a class=\"image-lightbox lightbox-gallery\" href=\"https:\/\/regada.pt\/wp-content\/uploads\/2025\/07\/db9c2066-e568-44aa-aad0-b70c30f43993.webp\" title=\"\">            <div class=\"box has-hover gallery-box box-none\">\n              <div class=\"box-image image-cover\" style=\"padding-top:100%;\">\n                <img loading=\"lazy\" decoding=\"async\" width=\"300\" height=\"200\" src=\"https:\/\/regada.pt\/wp-content\/uploads\/2025\/07\/db9c2066-e568-44aa-aad0-b70c30f43993-300x200.webp\" class=\"attachment-medium size-medium\" alt=\"\" ids=\"1044,1034,1026,1039,1042,1045,1032\" style=\"none\" lightbox_image_size=\"original\" col_spacing=\"collapse\" columns=\"7\" animate=\"fadeInUp\" image_height=\"100%\" visibility=\"hidden\" srcset=\"https:\/\/regada.pt\/wp-content\/uploads\/2025\/07\/db9c2066-e568-44aa-aad0-b70c30f43993-300x200.webp 300w, https:\/\/regada.pt\/wp-content\/uploads\/2025\/07\/db9c2066-e568-44aa-aad0-b70c30f43993-600x400.webp 600w, https:\/\/regada.pt\/wp-content\/uploads\/2025\/07\/db9c2066-e568-44aa-aad0-b70c30f43993-768x512.webp 768w, https:\/\/regada.pt\/wp-content\/uploads\/2025\/07\/db9c2066-e568-44aa-aad0-b70c30f43993-1024x683.webp 1024w, https:\/\/regada.pt\/wp-content\/uploads\/2025\/07\/db9c2066-e568-44aa-aad0-b70c30f43993.webp 1200w\" sizes=\"auto, (max-width: 300px) 100vw, 300px\" \/>                                                              <\/div>\n              <div class=\"box-text text-left\" >\n                 <p><\/p>\n              <\/div>\n            <\/div>\n            <\/a>          <\/div>\n         <\/div><div class=\"gallery-col col\" data-animate=\"fadeInUp\">\n          <div class=\"col-inner\">\n            <a class=\"image-lightbox lightbox-gallery\" href=\"https:\/\/regada.pt\/wp-content\/uploads\/2025\/07\/65ed146c-60aa-4d14-a298-3be677ccd76e.webp\" title=\"\">            <div class=\"box has-hover gallery-box box-none\">\n              <div class=\"box-image image-cover\" style=\"padding-top:100%;\">\n                <img loading=\"lazy\" decoding=\"async\" width=\"300\" height=\"200\" src=\"https:\/\/regada.pt\/wp-content\/uploads\/2025\/07\/65ed146c-60aa-4d14-a298-3be677ccd76e-300x200.webp\" class=\"attachment-medium size-medium\" alt=\"\" ids=\"1044,1034,1026,1039,1042,1045,1032\" style=\"none\" lightbox_image_size=\"original\" col_spacing=\"collapse\" columns=\"7\" animate=\"fadeInUp\" image_height=\"100%\" visibility=\"hidden\" srcset=\"https:\/\/regada.pt\/wp-content\/uploads\/2025\/07\/65ed146c-60aa-4d14-a298-3be677ccd76e-300x200.webp 300w, https:\/\/regada.pt\/wp-content\/uploads\/2025\/07\/65ed146c-60aa-4d14-a298-3be677ccd76e-600x400.webp 600w, https:\/\/regada.pt\/wp-content\/uploads\/2025\/07\/65ed146c-60aa-4d14-a298-3be677ccd76e-768x512.webp 768w, https:\/\/regada.pt\/wp-content\/uploads\/2025\/07\/65ed146c-60aa-4d14-a298-3be677ccd76e-1024x683.webp 1024w, https:\/\/regada.pt\/wp-content\/uploads\/2025\/07\/65ed146c-60aa-4d14-a298-3be677ccd76e.webp 1200w\" sizes=\"auto, (max-width: 300px) 100vw, 300px\" \/>                                                              <\/div>\n              <div class=\"box-text text-left\" >\n                 <p><\/p>\n              <\/div>\n            <\/div>\n            <\/a>          <\/div>\n         <\/div><div class=\"gallery-col col\" data-animate=\"fadeInUp\">\n          <div class=\"col-inner\">\n            <a class=\"image-lightbox lightbox-gallery\" href=\"https:\/\/regada.pt\/wp-content\/uploads\/2025\/07\/a22af4d1-3c12-4e53-ad18-541faa5755c5.webp\" title=\"\">            <div class=\"box has-hover gallery-box box-none\">\n              <div class=\"box-image image-cover\" style=\"padding-top:100%;\">\n                <img loading=\"lazy\" decoding=\"async\" width=\"300\" height=\"200\" src=\"https:\/\/regada.pt\/wp-content\/uploads\/2025\/07\/a22af4d1-3c12-4e53-ad18-541faa5755c5-300x200.webp\" class=\"attachment-medium size-medium\" alt=\"\" ids=\"1044,1034,1026,1039,1042,1045,1032\" style=\"none\" lightbox_image_size=\"original\" col_spacing=\"collapse\" columns=\"7\" animate=\"fadeInUp\" image_height=\"100%\" visibility=\"hidden\" srcset=\"https:\/\/regada.pt\/wp-content\/uploads\/2025\/07\/a22af4d1-3c12-4e53-ad18-541faa5755c5-300x200.webp 300w, https:\/\/regada.pt\/wp-content\/uploads\/2025\/07\/a22af4d1-3c12-4e53-ad18-541faa5755c5-600x400.webp 600w, https:\/\/regada.pt\/wp-content\/uploads\/2025\/07\/a22af4d1-3c12-4e53-ad18-541faa5755c5-768x512.webp 768w, https:\/\/regada.pt\/wp-content\/uploads\/2025\/07\/a22af4d1-3c12-4e53-ad18-541faa5755c5-1024x683.webp 1024w, https:\/\/regada.pt\/wp-content\/uploads\/2025\/07\/a22af4d1-3c12-4e53-ad18-541faa5755c5.webp 1200w\" sizes=\"auto, (max-width: 300px) 100vw, 300px\" \/>                                                              <\/div>\n              <div class=\"box-text text-left\" >\n                 <p><\/p>\n              <\/div>\n            <\/div>\n            <\/a>          <\/div>\n         <\/div><\/div>\n","protected":false},"excerpt":{"rendered":"","protected":false},"author":1,"featured_media":0,"parent":0,"menu_order":0,"comment_status":"closed","ping_status":"closed","template":"page-transparent-header-light.php","meta":{"check_in":"","check_out":"","guest_name":"","guest_email":"","guest_phone":"","number_of_guests":0,"special_requests":"","booking_status":"","footnotes":""},"class_list":["post-1025","page","type-page","status-publish","hentry"],"_links":{"self":[{"href":"https:\/\/regada.pt\/pt-pt\/wp-json\/wp\/v2\/pages\/1025","targetHints":{"allow":["GET"]}}],"collection":[{"href":"https:\/\/regada.pt\/pt-pt\/wp-json\/wp\/v2\/pages"}],"about":[{"href":"https:\/\/regada.pt\/pt-pt\/wp-json\/wp\/v2\/types\/page"}],"author":[{"embeddable":true,"href":"https:\/\/regada.pt\/pt-pt\/wp-json\/wp\/v2\/users\/1"}],"replies":[{"embeddable":true,"href":"https:\/\/regada.pt\/pt-pt\/wp-json\/wp\/v2\/comments?post=1025"}],"version-history":[{"count":5,"href":"https:\/\/regada.pt\/pt-pt\/wp-json\/wp\/v2\/pages\/1025\/revisions"}],"predecessor-version":[{"id":1303,"href":"https:\/\/regada.pt\/pt-pt\/wp-json\/wp\/v2\/pages\/1025\/revisions\/1303"}],"wp:attachment":[{"href":"https:\/\/regada.pt\/pt-pt\/wp-json\/wp\/v2\/media?parent=1025"}],"curies":[{"name":"wp","href":"https:\/\/api.w.org\/{rel}","templated":true}]}}